{"id":99,"date":"2018-05-21T11:32:03","date_gmt":"2018-05-21T09:32:03","guid":{"rendered":"http:\/\/wordpress.saltatio.de\/?page_id=99"},"modified":"2018-05-22T23:24:31","modified_gmt":"2018-05-22T21:24:31","slug":"turnier","status":"publish","type":"page","link":"https:\/\/equality.saltatio.de\/en\/turnier\/","title":{"rendered":"Turnier"},"content":{"rendered":"<p>18+ Frauen Standard<\/p>\n<p>18+ M\u00e4nner Standard<\/p>\n<p>40+ Frauen Standard<\/p>\n<p>40+ M\u00e4nner Standard<\/p>\n<p>&nbsp;<\/p>\n<p>18+ Frauen Latein<\/p>\n<p>18+ M\u00e4nner Latein<\/p>\n<p>40+ Frauen Latein<\/p>\n<p>40+ M\u00e4nner Latein<\/p>\n<p>&nbsp;<\/p>\n<p>Showdance<\/p>\n<p>Showdance Formation<\/p>\n","protected":false},"excerpt":{"rendered":"<p>18+ Frauen Standard 18+ M\u00e4nner Standard 40+ Frauen Standard 40+ M\u00e4nner Standard &nbsp; 18+ Frauen Latein 18+ M\u00e4nner Latein 40+ Frauen Latein 40+ M\u00e4nner Latein &nbsp; Showdance Showdance Formation<\/p>\n","protected":false},"author":2,"featured_media":0,"parent":0,"menu_order":0,"comment_status":"closed","ping_status":"closed","template":"","meta":[],"_links":{"self":[{"href":"https:\/\/equality.saltatio.de\/en\/wp-json\/wp\/v2\/pages\/99"}],"collection":[{"href":"https:\/\/equality.saltatio.de\/en\/wp-json\/wp\/v2\/pages"}],"about":[{"href":"https:\/\/equality.saltatio.de\/en\/wp-json\/wp\/v2\/types\/page"}],"author":[{"embeddable":true,"href":"https:\/\/equality.saltatio.de\/en\/wp-json\/wp\/v2\/users\/2"}],"replies":[{"embeddable":true,"href":"https:\/\/equality.saltatio.de\/en\/wp-json\/wp\/v2\/comments?post=99"}],"version-history":[{"count":4,"href":"https:\/\/equality.saltatio.de\/en\/wp-json\/wp\/v2\/pages\/99\/revisions"}],"predecessor-version":[{"id":162,"href":"https:\/\/equality.saltatio.de\/en\/wp-json\/wp\/v2\/pages\/99\/revisions\/162"}],"wp:attachment":[{"href":"https:\/\/equality.saltatio.de\/en\/wp-json\/wp\/v2\/media?parent=99"}],"curies":[{"name":"wp","href":"https:\/\/api.w.org\/{rel}","templated":true}]}}