{"id":20,"date":"2018-05-18T10:50:10","date_gmt":"2018-05-18T08:50:10","guid":{"rendered":"http:\/\/wordpress.saltatio.de\/?page_id=20"},"modified":"2018-05-22T22:37:12","modified_gmt":"2018-05-22T20:37:12","slug":"startseite","status":"publish","type":"page","link":"https:\/\/equality.saltatio.de\/en\/","title":{"rendered":"Startseite"},"content":{"rendered":"<p>Willkommen zu den 15. Internationalen Offenen Deutschen Meisterschaften f\u00fcr Frauen- und M\u00e4nnerpaare in den Standard- und Lateinamerikanischen T\u00e4nzen!<\/p>\n<p>Die Turniere finden am 31. Mai und 1. Juni 2019 statt.<\/p>\n<p>Herzlich willkommen beim Club Saltatio Hamburg,<br \/>\nherzlich willkommen in der Hansestadt!<\/p>\n","protected":false},"excerpt":{"rendered":"<p>Willkommen zu den 15. Internationalen Offenen Deutschen Meisterschaften f\u00fcr Frauen- und M\u00e4nnerpaare in den Standard- und Lateinamerikanischen T\u00e4nzen! Die Turniere finden am 31. Mai und 1. Juni 2019 statt. Herzlich willkommen beim Club Saltatio Hamburg, herzlich willkommen in der Hansestadt!<\/p>\n","protected":false},"author":1,"featured_media":0,"parent":0,"menu_order":0,"comment_status":"closed","ping_status":"closed","template":"template-frontpage.php","meta":[],"_links":{"self":[{"href":"https:\/\/equality.saltatio.de\/en\/wp-json\/wp\/v2\/pages\/20"}],"collection":[{"href":"https:\/\/equality.saltatio.de\/en\/wp-json\/wp\/v2\/pages"}],"about":[{"href":"https:\/\/equality.saltatio.de\/en\/wp-json\/wp\/v2\/types\/page"}],"author":[{"embeddable":true,"href":"https:\/\/equality.saltatio.de\/en\/wp-json\/wp\/v2\/users\/1"}],"replies":[{"embeddable":true,"href":"https:\/\/equality.saltatio.de\/en\/wp-json\/wp\/v2\/comments?post=20"}],"version-history":[{"count":3,"href":"https:\/\/equality.saltatio.de\/en\/wp-json\/wp\/v2\/pages\/20\/revisions"}],"predecessor-version":[{"id":153,"href":"https:\/\/equality.saltatio.de\/en\/wp-json\/wp\/v2\/pages\/20\/revisions\/153"}],"wp:attachment":[{"href":"https:\/\/equality.saltatio.de\/en\/wp-json\/wp\/v2\/media?parent=20"}],"curies":[{"name":"wp","href":"https:\/\/api.w.org\/{rel}","templated":true}]}}