{"id":164,"date":"2018-05-23T09:21:30","date_gmt":"2018-05-23T07:21:30","guid":{"rendered":"http:\/\/wordpress.saltatio.de\/?page_id=164"},"modified":"2018-05-23T09:32:08","modified_gmt":"2018-05-23T07:32:08","slug":"impressum","status":"publish","type":"page","link":"https:\/\/equality.saltatio.de\/en\/ueber-mich\/impressum\/","title":{"rendered":"Impressum"},"content":{"rendered":"<h4>Angaben gem\u00e4\u00df \u00a7 5 TMG:<\/h4>\n<p>Club Saltatio Hamburg e.V.<br \/>\nWeseler Weg 2<br \/>\n22045 Hamburg<\/p>\n<h4>Vertreten durch:<\/h4>\n<p><strong>Erste Vorsitzende:<\/strong><\/p>\n<p>Kerstin J\u00fchlke<br \/>\nWeseler Weg 2<br \/>\n22045 Hamburg<br \/>\nTelefon: 040\/370 889 17<\/p>\n<h4>Kontakt:<\/h4>\n<p>Telefon: +49 (0) 40 370 889 17<br \/>\nE-Mail zur Gesch\u00e4ftsstelle: info (at) saltatio.de<br \/>\nE-Mail f\u00fcr technische Anfragen: admin (at) saltatio.de<\/p>\n<h4>Registereintrag:<\/h4>\n<p>Eintragung im Vereinsregister.<br \/>\nAmtsgericht Hamburg<br \/>\nRegisterblatt VR 3980<\/p>\n<h4>Verantwortlich f\u00fcr den Inhalt nach \u00a7 55 Abs. 2 RStV:<\/h4>\n<p><strong>Referent f\u00fcr \u00d6ffentlichkeitsarbeit:<\/strong><\/p>\n<p>Tobias Br\u00fcgmann<\/p>\n<p>&nbsp;<\/p>\n<p><strong>Den Disclaimer\/Haftungsausschluss nach \u00a77 TMG und die Datenschutzerkl\u00e4rung finden Sie hier:<br \/>\n<\/strong><a href=\"https:\/\/clubsaltatio.de\/informationen\/disclaimer-datenschutz.html\">Disclaimer\/Haftungsausschluss<\/a><br \/>\n<a href=\"https:\/\/clubsaltatio.de\/informationen\/datenschutzerklaerung.html\">Datenschutzerkl\u00e4rung gem\u00e4\u00df DSGVO<\/a><\/p>\n","protected":false},"excerpt":{"rendered":"<p>Angaben gem\u00e4\u00df \u00a7 5 TMG: Club Saltatio Hamburg e.V. Weseler Weg 2 22045 Hamburg Vertreten durch: Erste Vorsitzende: Kerstin J\u00fchlke Weseler Weg 2 22045 Hamburg Telefon: 040\/370 889 17 Kontakt: Telefon: +49 (0) 40 370 889 17 E-Mail zur Gesch\u00e4ftsstelle: info (at) saltatio.de E-Mail f\u00fcr technische Anfragen: admin (at) saltatio.de Registereintrag: Eintragung im Vereinsregister. Amtsgericht <a href=\"https:\/\/equality.saltatio.de\/en\/ueber-mich\/impressum\/\" rel=\"nofollow\"><span class=\"sr-only\">Read more about Impressum<\/span>[&hellip;]<\/a><\/p>\n","protected":false},"author":2,"featured_media":0,"parent":21,"menu_order":0,"comment_status":"closed","ping_status":"closed","template":"","meta":[],"_links":{"self":[{"href":"https:\/\/equality.saltatio.de\/en\/wp-json\/wp\/v2\/pages\/164"}],"collection":[{"href":"https:\/\/equality.saltatio.de\/en\/wp-json\/wp\/v2\/pages"}],"about":[{"href":"https:\/\/equality.saltatio.de\/en\/wp-json\/wp\/v2\/types\/page"}],"author":[{"embeddable":true,"href":"https:\/\/equality.saltatio.de\/en\/wp-json\/wp\/v2\/users\/2"}],"replies":[{"embeddable":true,"href":"https:\/\/equality.saltatio.de\/en\/wp-json\/wp\/v2\/comments?post=164"}],"version-history":[{"count":1,"href":"https:\/\/equality.saltatio.de\/en\/wp-json\/wp\/v2\/pages\/164\/revisions"}],"predecessor-version":[{"id":165,"href":"https:\/\/equality.saltatio.de\/en\/wp-json\/wp\/v2\/pages\/164\/revisions\/165"}],"up":[{"embeddable":true,"href":"https:\/\/equality.saltatio.de\/en\/wp-json\/wp\/v2\/pages\/21"}],"wp:attachment":[{"href":"https:\/\/equality.saltatio.de\/en\/wp-json\/wp\/v2\/media?parent=164"}],"curies":[{"name":"wp","href":"https:\/\/api.w.org\/{rel}","templated":true}]}}