{"id":101,"date":"2018-05-21T11:32:32","date_gmt":"2018-05-21T09:32:32","guid":{"rendered":"http:\/\/wordpress.saltatio.de\/?page_id=101"},"modified":"2018-05-21T16:21:40","modified_gmt":"2018-05-21T14:21:40","slug":"veranstaltungort","status":"publish","type":"page","link":"https:\/\/equality.saltatio.de\/en\/turnier\/veranstaltungort\/","title":{"rendered":"Veranstaltungsort"},"content":{"rendered":"<p>Die Deutschen Meisterschaften finden in der neu gebauten Aula der Irena-Sendler-Schule im Hamburger Stadtteil Wellingsb\u00fcttel statt.<\/p>\n<p>Die genaue Anschrift lautet: Irena-Sendler-Schule, Am Pfeilshof 20, 22393 Hamburg.<\/p>\n<p><iframe loading=\"lazy\" style=\"border: 0;\" src=\"https:\/\/www.google.com\/maps\/embed?pb=!1m18!1m12!1m3!1d2365.3964890646034!2d10.101241415993554!3d53.63990216038287!2m3!1f0!2f0!3f0!3m2!1i1024!2i768!4f13.1!3m3!1m2!1s0x47b18a190fe95feb%3A0x8b2012d249f2de67!2sIrena-Sendler-Schule!5e0!3m2!1sde!2sde!4v1526912143044\" width=\"600\" height=\"450\" frameborder=\"0\" allowfullscreen=\"allowfullscreen\"><\/iframe><\/p>\n<p>&nbsp;<\/p>\n<p>Mit \u00f6ffentlichen Verkehrsmitteln ist die Turnierst\u00e4tte von der S-Bahnhaltestelle &#8220;Wellingsb\u00fcttel&#8221; (Linie S1) und anschlie\u00dfender kurzer Busfahrt bis zur Haltestelle &#8220;Am Pfeilshof&#8221; erreichbar.<\/p>\n<p>Zum Hamburger Flughafen f\u00e4hrt ebenfalls die Linie S1, hier einmal in Ohlsdorf umsteigen.<\/p>\n<p>&nbsp;<\/p>\n<p>Gezielte Fahrplaninformationen sind auf der <a href=\"http:\/\/www.hvv.de\">Internetseite des HVV<\/a> erh\u00e4ltlich.<\/p>\n","protected":false},"excerpt":{"rendered":"<p>Die Deutschen Meisterschaften finden in der neu gebauten Aula der Irena-Sendler-Schule im Hamburger Stadtteil Wellingsb\u00fcttel statt. Die genaue Anschrift lautet: Irena-Sendler-Schule, Am Pfeilshof 20, 22393 Hamburg. &nbsp; Mit \u00f6ffentlichen Verkehrsmitteln ist die Turnierst\u00e4tte von der S-Bahnhaltestelle &#8220;Wellingsb\u00fcttel&#8221; (Linie S1) und anschlie\u00dfender kurzer Busfahrt bis zur Haltestelle &#8220;Am Pfeilshof&#8221; erreichbar. Zum Hamburger Flughafen f\u00e4hrt ebenfalls die <a href=\"https:\/\/equality.saltatio.de\/en\/turnier\/veranstaltungort\/\" rel=\"nofollow\"><span class=\"sr-only\">Read more about Veranstaltungsort<\/span>[&hellip;]<\/a><\/p>\n","protected":false},"author":2,"featured_media":117,"parent":99,"menu_order":0,"comment_status":"closed","ping_status":"closed","template":"template-fullwidth.php","meta":[],"_links":{"self":[{"href":"https:\/\/equality.saltatio.de\/en\/wp-json\/wp\/v2\/pages\/101"}],"collection":[{"href":"https:\/\/equality.saltatio.de\/en\/wp-json\/wp\/v2\/pages"}],"about":[{"href":"https:\/\/equality.saltatio.de\/en\/wp-json\/wp\/v2\/types\/page"}],"author":[{"embeddable":true,"href":"https:\/\/equality.saltatio.de\/en\/wp-json\/wp\/v2\/users\/2"}],"replies":[{"embeddable":true,"href":"https:\/\/equality.saltatio.de\/en\/wp-json\/wp\/v2\/comments?post=101"}],"version-history":[{"count":5,"href":"https:\/\/equality.saltatio.de\/en\/wp-json\/wp\/v2\/pages\/101\/revisions"}],"predecessor-version":[{"id":119,"href":"https:\/\/equality.saltatio.de\/en\/wp-json\/wp\/v2\/pages\/101\/revisions\/119"}],"up":[{"embeddable":true,"href":"https:\/\/equality.saltatio.de\/en\/wp-json\/wp\/v2\/pages\/99"}],"wp:featuredmedia":[{"embeddable":true,"href":"https:\/\/equality.saltatio.de\/en\/wp-json\/wp\/v2\/media\/117"}],"wp:attachment":[{"href":"https:\/\/equality.saltatio.de\/en\/wp-json\/wp\/v2\/media?parent=101"}],"curies":[{"name":"wp","href":"https:\/\/api.w.org\/{rel}","templated":true}]}}